{"id":130,"date":"2015-06-02T19:31:03","date_gmt":"2015-06-02T19:31:03","guid":{"rendered":"http:\/\/www.ict.com.co\/ict\/?page_id=130"},"modified":"2025-12-03T20:53:54","modified_gmt":"2025-12-03T20:53:54","slug":"documentos","status":"publish","type":"page","link":"https:\/\/www.ict.com.co\/ict\/documentos\/","title":{"rendered":"Documentos"},"content":{"rendered":"<p>[et_pb_section bb_built=\u00bb1&#8243; background_color=\u00bb#ffffff\u00bb _builder_version=\u00bb3.0.89&#8243;][et_pb_row _builder_version=\u00bb3.0.47&#8243; background_size=\u00bbinitial\u00bb background_position=\u00bbtop_left\u00bb background_repeat=\u00bbrepeat\u00bb][et_pb_column type=\u00bb1_2&#8243;][et_pb_text admin_label=\u00bbText\u00bb _builder_version=\u00bb3.0.89&#8243; background_size=\u00bbinitial\u00bb background_position=\u00bbtop_left\u00bb background_repeat=\u00bbrepeat\u00bb background_layout=\u00bblight\u00bb]<\/p>\n<p><strong>COMUNICADOS:<\/strong><\/p>\n<p><strong><a href=\"http:\/\/www.ict.com.co\/ict\/wp-content\/uploads\/2015\/06\/logopng.jpg\"><img loading=\"lazy\" decoding=\"async\" class=\"alignnone size-full wp-image-122\" src=\"http:\/\/www.ict.com.co\/ict\/wp-content\/uploads\/2015\/06\/logopng.jpg\" alt=\"logopng\" width=\"27\" height=\"19\" \/><\/a><a href=\"https:\/\/www.ict.com.co\/ict\/wp-content\/uploads\/2023\/10\/230914-01-CIRCULAR-INTERNA-TELETRABAJO.pdf\"> CIRCULAR TELETRABAJO IC&amp;T.<\/a><\/strong><\/p>\n<p><strong><a href=\"http:\/\/www.ict.com.co\/ict\/wp-content\/uploads\/2015\/06\/logopng.jpg\"><img loading=\"lazy\" decoding=\"async\" class=\"alignnone size-full wp-image-122\" src=\"http:\/\/www.ict.com.co\/ict\/wp-content\/uploads\/2015\/06\/logopng.jpg\" alt=\"logopng\" width=\"27\" height=\"19\" \/><\/a><a href=\"https:\/\/www.ict.com.co\/ict\/wp-content\/uploads\/2025\/05\/250528-02-CIRCULAR-ICT-SOBRE-CAMBIO-ALCANCE-ACREDITACION.pdf\"> CIRCULAR ACTUALIZACI\u00d3N ALCANCE DE ACREDITACI\u00d3N IC&amp;T.<\/a><\/strong><\/p>\n<p><strong><a href=\"http:\/\/www.ict.com.co\/ict\/wp-content\/uploads\/2015\/06\/logopng.jpg\"><img loading=\"lazy\" decoding=\"async\" class=\"alignnone size-full wp-image-122\" src=\"http:\/\/www.ict.com.co\/ict\/wp-content\/uploads\/2015\/06\/logopng.jpg\" alt=\"logopng\" width=\"27\" height=\"19\" \/><\/a><a href=\"https:\/\/www.ict.com.co\/ict\/wp-content\/uploads\/2025\/12\/251120-02-CIRCULAR-INFORMATIVA-SOBRE-REPRESENTACION-COMERCIAL-Y-CAMBIO-DE-CUENTA-PARA-SERVICIOS-ICT.pdf\"> CIRCULAR RECAUDO ICT LEGAL COMPLIANCE<\/a><\/strong><\/p>\n<p style=\"text-align: left;\"><strong>Documentos para Descarga:<\/strong><\/p>\n<p style=\"text-align: left;\"><strong><a href=\"http:\/\/www.ict.com.co\/ict\/wp-content\/uploads\/2015\/06\/logopng.jpg\"><img loading=\"lazy\" decoding=\"async\" class=\"alignnone size-full wp-image-122\" src=\"http:\/\/www.ict.com.co\/ict\/wp-content\/uploads\/2015\/06\/logopng.jpg\" alt=\"logopng\" width=\"27\" height=\"19\" \/><\/a><a href=\"https:\/\/www.ict.com.co\/ict\/wp-content\/uploads\/2025\/10\/ICT-F-03-Formulario-Cotizacion-de-Servicios-rev-28.zip\"> Formulario de Cotizaci\u00f3n.<\/a><\/strong><\/p>\n<p style=\"text-align: left;\"><a href=\"http:\/\/www.ict.com.co\/ict\/wp-content\/uploads\/2015\/06\/logopng.jpg\"><img loading=\"lazy\" decoding=\"async\" class=\"alignnone size-full wp-image-122\" src=\"http:\/\/www.ict.com.co\/ict\/wp-content\/uploads\/2015\/06\/logopng.jpg\" alt=\"logopng\" width=\"27\" height=\"19\" \/><\/a>\u00a0 <strong><a href=\"https:\/\/www.ict.com.co\/ict\/wp-content\/uploads\/2025\/10\/ICT-F-07-REGISTRO-DE-PQR-R06.docx\" target=\"_blank\" rel=\"noopener\">ICT-F-07 Registro de PQR.<\/a><\/strong><\/p>\n<p><a href=\"http:\/\/www.ict.com.co\/ict\/wp-content\/uploads\/2015\/06\/logopng.jpg\"><img loading=\"lazy\" decoding=\"async\" class=\"alignnone size-full wp-image-122\" src=\"http:\/\/www.ict.com.co\/ict\/wp-content\/uploads\/2015\/06\/logopng.jpg\" alt=\"logopng\" width=\"27\" height=\"19\" \/><\/a>\u00a0 <strong><a href=\"https:\/\/www.ict.com.co\/ict\/wp-content\/uploads\/2025\/06\/ICT-F-07A-REGISTRO-DE-RECURSOS-DE-REPOSICION-APELACION-rev01.docx\" target=\"_blank\" rel=\"noopener\">ICT-F-07A Registro de Apelaciones.<\/a><\/strong><\/p>\n<p style=\"text-align: left;\"><a href=\"http:\/\/www.ict.com.co\/ict\/wp-content\/uploads\/2015\/06\/logopng.jpg\"><img loading=\"lazy\" decoding=\"async\" class=\"alignnone size-full wp-image-122\" src=\"http:\/\/www.ict.com.co\/ict\/wp-content\/uploads\/2015\/06\/logopng.jpg\" alt=\"logopng\" width=\"27\" height=\"19\" \/><\/a>\u00a0\u00a0<strong><a href=\"https:\/\/www.ict.com.co\/ict\/wp-content\/uploads\/2025\/02\/ICT-R-01-REGLAMENTO-DE-CERTIFICACION-Rev-31.docx\">Reglamento de Certificaci\u00f3n.<\/a><\/strong><\/p>\n<p><a href=\"http:\/\/www.ict.com.co\/ict\/wp-content\/uploads\/2015\/06\/logopng.jpg\"><img loading=\"lazy\" decoding=\"async\" class=\"alignnone size-full wp-image-122\" src=\"http:\/\/www.ict.com.co\/ict\/wp-content\/uploads\/2015\/06\/logopng.jpg\" alt=\"logopng\" width=\"27\" height=\"19\" \/><\/a>\u00a0\u00a0<strong><a href=\"https:\/\/www.ict.com.co\/ict\/wp-content\/uploads\/2025\/02\/ICT-R-03-CONTRATO-DE-COMODATO-DE-REGISTRO-DE-CERTIFICACION-R22WEB.docx\">Informaci\u00f3n uso de marca.<\/a><\/strong><\/p>\n<p style=\"text-align: left;\"><a href=\"http:\/\/www.ict.com.co\/ict\/wp-content\/uploads\/2017\/02\/ICT-I-06-MANEJO-DE-REPOSICION-APELACION-Y-QUEJAS.doc\"><strong><img loading=\"lazy\" decoding=\"async\" class=\"alignnone size-full wp-image-122\" src=\"http:\/\/www.ict.com.co\/ict\/wp-content\/uploads\/2015\/06\/logopng.jpg\" alt=\"logopng\" width=\"27\" height=\"19\" \/>\u00a0 <\/strong><\/a><a href=\"https:\/\/www.ict.com.co\/ict\/wp-content\/uploads\/2025\/10\/ICT-I-06-MANEJO-QUEJAS-rev-13.doc\"><strong>ICT-I-06 Manejo de Quejas.<\/strong><\/a><\/p>\n<p><a href=\"http:\/\/www.ict.com.co\/ict\/wp-content\/uploads\/2017\/02\/ICT-I-06-MANEJO-DE-REPOSICION-APELACION-Y-QUEJAS.doc\"><strong><img loading=\"lazy\" decoding=\"async\" class=\"alignnone size-full wp-image-122\" src=\"http:\/\/www.ict.com.co\/ict\/wp-content\/uploads\/2015\/06\/logopng.jpg\" alt=\"logopng\" width=\"27\" height=\"19\" \/>\u00a0 <\/strong><\/a><a href=\"https:\/\/www.ict.com.co\/ict\/wp-content\/uploads\/2024\/09\/ICT-I-06A-MANEJO-DE-REPOSICIONES-Y-APELACIONES-R13-20240910.pdf\"><strong>ICT-I-06A Manejo de Apelaciones.<\/strong><\/a><\/p>\n<p style=\"text-align: left;\"><a href=\"http:\/\/www.ict.com.co\/ict\/wp-content\/uploads\/2015\/06\/logopng.jpg\"><img loading=\"lazy\" decoding=\"async\" class=\"alignnone size-full wp-image-122\" src=\"http:\/\/www.ict.com.co\/ict\/wp-content\/uploads\/2015\/06\/logopng.jpg\" alt=\"logopng\" width=\"27\" height=\"19\" \/><\/a>\u00a0<a href=\"https:\/\/www.ict.com.co\/ict\/wp-content\/uploads\/2025\/05\/ICT-F-31-DECLARACION-DE-IMPARCIALIDAD-ICT-REV-05.doc\"><strong>Declaraci\u00f3n Imparcialidad ICT.<\/strong><\/a><\/p>\n<p><a href=\"http:\/\/www.ict.com.co\/ict\/wp-content\/uploads\/2015\/06\/logopng.jpg\"><img loading=\"lazy\" decoding=\"async\" class=\"alignnone size-full wp-image-122\" src=\"http:\/\/www.ict.com.co\/ict\/wp-content\/uploads\/2015\/06\/logopng.jpg\" alt=\"logopng\" width=\"27\" height=\"19\" \/><\/a>\u00a0<strong><a href=\"https:\/\/onac.org.co\/directorio-de-acreditacion-buscador\">Acreditaci\u00f3n ONAC<\/a><\/strong><\/p>\n<p><a href=\"http:\/\/www.ict.com.co\/ict\/wp-content\/uploads\/2015\/06\/logopng.jpg\"><img loading=\"lazy\" decoding=\"async\" class=\"alignnone size-full wp-image-122\" src=\"http:\/\/www.ict.com.co\/ict\/wp-content\/uploads\/2015\/06\/logopng.jpg\" alt=\"logopng\" width=\"27\" height=\"19\" \/><\/a>\u00a0<strong><a href=\"https:\/\/www.ict.com.co\/ict\/wp-content\/uploads\/2023\/10\/ICT-F-91-SECTORES-IAF-ACT-02-para-web.docx\">Sectores IAF<\/a><\/strong><\/p>\n<p><strong><a href=\"http:\/\/www.ict.com.co\/ict\/wp-content\/uploads\/2015\/06\/logopng.jpg\"><img loading=\"lazy\" decoding=\"async\" class=\"alignnone size-full wp-image-122\" src=\"http:\/\/www.ict.com.co\/ict\/wp-content\/uploads\/2015\/06\/logopng.jpg\" alt=\"logopng\" width=\"27\" height=\"19\" \/><\/a><a href=\"https:\/\/www.ict.com.co\/ict\/wp-content\/uploads\/2022\/03\/ICT-I-14-ADMINISTRACION-DE-AUDITORIAS-VIRTUALES-ICT-rev-03.doc\"> Instructivo para la administraci\u00f3n de auditorias remotas<\/a><\/strong><\/p>\n<p><strong><a href=\"http:\/\/www.ict.com.co\/ict\/wp-content\/uploads\/2015\/06\/logopng.jpg\"><img loading=\"lazy\" decoding=\"async\" class=\"alignnone size-full wp-image-122\" src=\"http:\/\/www.ict.com.co\/ict\/wp-content\/uploads\/2015\/06\/logopng.jpg\" alt=\"logopng\" width=\"27\" height=\"19\" \/><\/a><a href=\"https:\/\/www.ict.com.co\/ict\/wp-content\/uploads\/2023\/10\/ICT-F-14-POLITICA-DE-PRIVACIDAD-INTERNATIONAL-CERTIFICATION-AND-TRAINING-REV-03.docx\"> Pol\u00edtica de tratamiento de datos &#8211; IC&amp;T<\/a><\/strong><\/p>\n<p>[\/et_pb_text][\/et_pb_column][et_pb_column type=\u00bb1_2&#8243;][et_pb_image admin_label=\u00bbImage\u00bb src=\u00bbhttp:\/\/www.ict.com.co\/ict\/wp-content\/uploads\/2015\/06\/pastadocs.jpg\u00bb _builder_version=\u00bb3.0.89&#8243; animation=\u00bboff\u00bb sticky=\u00bboff\u00bb show_bottom_space=\u00bbon\u00bb animation_style=\u00bbnone\u00bb animation_duration=\u00bb1000ms\u00bb animation_intensity_slide=\u00bb50%\u00bb animation_direction=\u00bboff\u00bb \/][\/et_pb_column][\/et_pb_row][\/et_pb_section]<\/p>\n","protected":false},"excerpt":{"rendered":"<p>[et_pb_section bb_built=\u00bb1&#8243; background_color=\u00bb#ffffff\u00bb _builder_version=\u00bb3.0.89&#8243;][et_pb_row _builder_version=\u00bb3.0.47&#8243; background_size=\u00bbinitial\u00bb background_position=\u00bbtop_left\u00bb background_repeat=\u00bbrepeat\u00bb][et_pb_column type=\u00bb1_2&#8243;][et_pb_text admin_label=\u00bbText\u00bb _builder_version=\u00bb3.0.89&#8243; background_size=\u00bbinitial\u00bb background_position=\u00bbtop_left\u00bb background_repeat=\u00bbrepeat\u00bb background_layout=\u00bblight\u00bb] COMUNICADOS: CIRCULAR TELETRABAJO IC&amp;T. CIRCULAR ACTUALIZACI\u00d3N ALCANCE DE ACREDITACI\u00d3N IC&amp;T. CIRCULAR RECAUDO ICT LEGAL COMPLIANCE Documentos para Descarga: Formulario de Cotizaci\u00f3n. \u00a0 ICT-F-07 Registro de PQR. \u00a0 ICT-F-07A Registro de Apelaciones. \u00a0\u00a0Reglamento de Certificaci\u00f3n. \u00a0\u00a0Informaci\u00f3n uso de marca. \u00a0 ICT-I-06 [&hellip;]<\/p>\n","protected":false},"author":1,"featured_media":0,"parent":0,"menu_order":0,"comment_status":"open","ping_status":"open","template":"","meta":{"_joinchat":[],"footnotes":""},"class_list":["post-130","page","type-page","status-publish","hentry"],"_links":{"self":[{"href":"https:\/\/www.ict.com.co\/ict\/wp-json\/wp\/v2\/pages\/130","targetHints":{"allow":["GET"]}}],"collection":[{"href":"https:\/\/www.ict.com.co\/ict\/wp-json\/wp\/v2\/pages"}],"about":[{"href":"https:\/\/www.ict.com.co\/ict\/wp-json\/wp\/v2\/types\/page"}],"author":[{"embeddable":true,"href":"https:\/\/www.ict.com.co\/ict\/wp-json\/wp\/v2\/users\/1"}],"replies":[{"embeddable":true,"href":"https:\/\/www.ict.com.co\/ict\/wp-json\/wp\/v2\/comments?post=130"}],"version-history":[{"count":112,"href":"https:\/\/www.ict.com.co\/ict\/wp-json\/wp\/v2\/pages\/130\/revisions"}],"predecessor-version":[{"id":1338,"href":"https:\/\/www.ict.com.co\/ict\/wp-json\/wp\/v2\/pages\/130\/revisions\/1338"}],"wp:attachment":[{"href":"https:\/\/www.ict.com.co\/ict\/wp-json\/wp\/v2\/media?parent=130"}],"curies":[{"name":"wp","href":"https:\/\/api.w.org\/{rel}","templated":true}]}}