{"id":38,"date":"2015-06-02T15:08:05","date_gmt":"2015-06-02T15:08:05","guid":{"rendered":"http:\/\/www.ict.com.co\/ict\/?page_id=38"},"modified":"2026-04-24T22:51:56","modified_gmt":"2026-04-24T22:51:56","slug":"certificacion","status":"publish","type":"page","link":"https:\/\/www.ict.com.co\/ict\/certificacion\/","title":{"rendered":"Certificaci\u00f3n"},"content":{"rendered":"<p>[et_pb_section fb_built=\u00bb1&#8243; background_color=\u00bb#f7f7f7&#8243; inner_shadow=\u00bbon\u00bb fullwidth=\u00bbon\u00bb _builder_version=\u00bb3.0.47&#8243;][et_pb_fullwidth_image src=\u00bbhttps:\/\/www.ict.com.co\/ict\/wp-content\/uploads\/2021\/09\/CERTI.jpg\u00bb _builder_version=\u00bb3.0.89&#8243;][\/et_pb_fullwidth_image][\/et_pb_section][et_pb_section fb_built=\u00bb1&#8243; background_color=\u00bb#ffffff\u00bb _builder_version=\u00bb3.0.47&#8243;][et_pb_row _builder_version=\u00bb3.0.47&#8243; background_size=\u00bbinitial\u00bb background_position=\u00bbtop_left\u00bb background_repeat=\u00bbrepeat\u00bb][et_pb_column type=\u00bb1_2&#8243; _builder_version=\u00bb3.0.47&#8243; parallax=\u00bboff\u00bb parallax_method=\u00bbon\u00bb][et_pb_text admin_label=\u00bbText\u00bb _builder_version=\u00bb3.0.89&#8243; background_size=\u00bbinitial\u00bb background_position=\u00bbtop_left\u00bb background_repeat=\u00bbrepeat\u00bb]<\/p>\n<p><a href=\"https:\/\/onac.org.co\/directorio-de-acreditados\"><strong>&lt;&lt;&lt; Consultar vigilados por el ONAC &gt;&gt;&gt; (www.onac.org.co)<\/strong><\/a><\/p>\n<p><strong><a href=\"http:\/\/www.ict.com.co\/certificados\/consultar-certificados.php\">&lt;&lt;&lt; Consultar Empresas Certificadas &gt;&gt;&gt;<\/a><\/strong><\/p>\n<p><strong><a href=\"https:\/\/www.ict.com.co\/ict\/wp-content\/uploads\/2024\/10\/ICT-F-03-Formulario-Cotizacion-de-Servicios-rev-27-1.doc\">&lt;&lt;&lt; Descarga el formulario para solicitud de cotizaci\u00f3n de Nuestro Servicios &gt;&gt;&gt;<\/a><\/strong><\/p>\n<p><strong>IC&amp;T,<\/strong> determina la conformidad de productos y de Sistemas de Gesti\u00f3n de la Calidad de las empresas a trav\u00e9s de auditorias de certificaci\u00f3n.<\/p>\n<p><strong>BENEFICIOS DE LA CERTIFICACI\u00d3N<\/strong><\/p>\n<p><strong><a href=\"http:\/\/www.ict.com.co\/ict\/wp-content\/uploads\/2015\/06\/logopng.jpg\"><img loading=\"lazy\" decoding=\"async\" class=\"alignnone size-full wp-image-122\" src=\"http:\/\/www.ict.com.co\/ict\/wp-content\/uploads\/2015\/06\/logopng.jpg\" alt=\"logopng\" width=\"27\" height=\"19\" \/><\/a><\/strong> Reconocimiento Nacional e Internacional.<br \/>\n<strong><a href=\"http:\/\/www.ict.com.co\/ict\/wp-content\/uploads\/2015\/06\/logopng.jpg\"><img loading=\"lazy\" decoding=\"async\" class=\"alignnone size-full wp-image-122\" src=\"http:\/\/www.ict.com.co\/ict\/wp-content\/uploads\/2015\/06\/logopng.jpg\" alt=\"logopng\" width=\"27\" height=\"19\" \/><\/a><\/strong> Elemento diferenciador de la competencia.<br \/>\n<strong><a href=\"http:\/\/www.ict.com.co\/ict\/wp-content\/uploads\/2015\/06\/logopng.jpg\"><img loading=\"lazy\" decoding=\"async\" class=\"alignnone size-full wp-image-122\" src=\"http:\/\/www.ict.com.co\/ict\/wp-content\/uploads\/2015\/06\/logopng.jpg\" alt=\"logopng\" width=\"27\" height=\"19\" \/><\/a><\/strong> Mejora la eficacia y rentabilidad de la organizaci\u00f3n.<br \/>\n<strong><a href=\"http:\/\/www.ict.com.co\/ict\/wp-content\/uploads\/2015\/06\/logopng.jpg\"><img loading=\"lazy\" decoding=\"async\" class=\"alignnone size-full wp-image-122\" src=\"http:\/\/www.ict.com.co\/ict\/wp-content\/uploads\/2015\/06\/logopng.jpg\" alt=\"logopng\" width=\"27\" height=\"19\" \/><\/a><\/strong> Genera y fortalece la confianza entre Cliente y Proveedor.<br \/>\n<strong><a href=\"http:\/\/www.ict.com.co\/ict\/wp-content\/uploads\/2015\/06\/logopng.jpg\"><img loading=\"lazy\" decoding=\"async\" class=\"alignnone size-full wp-image-122\" src=\"http:\/\/www.ict.com.co\/ict\/wp-content\/uploads\/2015\/06\/logopng.jpg\" alt=\"logopng\" width=\"27\" height=\"19\" \/><\/a><\/strong> Motiva a continuar el mejoramiento continuo.<br \/>\n<strong><a href=\"http:\/\/www.ict.com.co\/ict\/wp-content\/uploads\/2015\/06\/logopng.jpg\"><img loading=\"lazy\" decoding=\"async\" class=\"alignnone size-full wp-image-122\" src=\"http:\/\/www.ict.com.co\/ict\/wp-content\/uploads\/2015\/06\/logopng.jpg\" alt=\"logopng\" width=\"27\" height=\"19\" \/><\/a><\/strong> Permite captar y desarrollar nuevos mercados.<br \/>\n<strong><a href=\"http:\/\/www.ict.com.co\/ict\/wp-content\/uploads\/2015\/06\/logopng.jpg\"><img loading=\"lazy\" decoding=\"async\" class=\"alignnone size-full wp-image-122\" src=\"http:\/\/www.ict.com.co\/ict\/wp-content\/uploads\/2015\/06\/logopng.jpg\" alt=\"logopng\" width=\"27\" height=\"19\" \/><\/a><\/strong> Optimiza las operaciones y procesos.<br \/>\n<strong><a href=\"http:\/\/www.ict.com.co\/ict\/wp-content\/uploads\/2015\/06\/logopng.jpg\"><img loading=\"lazy\" decoding=\"async\" class=\"alignnone size-full wp-image-122\" src=\"http:\/\/www.ict.com.co\/ict\/wp-content\/uploads\/2015\/06\/logopng.jpg\" alt=\"logopng\" width=\"27\" height=\"19\" \/><\/a><\/strong> Aumenta la eficiencia de la empresa.<br \/>\n<strong><a href=\"http:\/\/www.ict.com.co\/ict\/wp-content\/uploads\/2015\/06\/logopng.jpg\"><img loading=\"lazy\" decoding=\"async\" class=\"alignnone size-full wp-image-122\" src=\"http:\/\/www.ict.com.co\/ict\/wp-content\/uploads\/2015\/06\/logopng.jpg\" alt=\"logopng\" width=\"27\" height=\"19\" \/><\/a><\/strong> Excelente argumento comercial.<br \/>\n<strong><a href=\"http:\/\/www.ict.com.co\/ict\/wp-content\/uploads\/2015\/06\/logopng.jpg\"><img loading=\"lazy\" decoding=\"async\" class=\"alignnone size-full wp-image-122\" src=\"http:\/\/www.ict.com.co\/ict\/wp-content\/uploads\/2015\/06\/logopng.jpg\" alt=\"logopng\" width=\"27\" height=\"19\" \/><\/a><\/strong> Reducci\u00f3n significativa de los costos de operaci\u00f3n.<br \/>\n<strong><a href=\"http:\/\/www.ict.com.co\/ict\/wp-content\/uploads\/2015\/06\/logopng.jpg\"><img loading=\"lazy\" decoding=\"async\" class=\"alignnone size-full wp-image-122\" src=\"http:\/\/www.ict.com.co\/ict\/wp-content\/uploads\/2015\/06\/logopng.jpg\" alt=\"logopng\" width=\"27\" height=\"19\" \/><\/a><\/strong> Contribuye a alcanzar los niveles de calidad exigidos por los clientes.<br \/>\n<strong><a href=\"http:\/\/www.ict.com.co\/ict\/wp-content\/uploads\/2015\/06\/logopng.jpg\"><img loading=\"lazy\" decoding=\"async\" class=\"alignnone size-full wp-image-122\" src=\"http:\/\/www.ict.com.co\/ict\/wp-content\/uploads\/2015\/06\/logopng.jpg\" alt=\"logopng\" width=\"27\" height=\"19\" \/><\/a><\/strong> Proporciona credibilidad y fortalece la imagen de la compa\u00f1\u00eda.<br \/>\n<strong><a href=\"http:\/\/www.ict.com.co\/ict\/wp-content\/uploads\/2015\/06\/logopng.jpg\"><img loading=\"lazy\" decoding=\"async\" class=\"alignnone size-full wp-image-122\" src=\"http:\/\/www.ict.com.co\/ict\/wp-content\/uploads\/2015\/06\/logopng.jpg\" alt=\"logopng\" width=\"27\" height=\"19\" \/><\/a><\/strong> Aumenta la productividad general de la organizaci\u00f3n.<\/p>\n<p>[\/et_pb_text][\/et_pb_column][et_pb_column type=\u00bb1_2&#8243; _builder_version=\u00bb3.0.47&#8243; parallax=\u00bboff\u00bb parallax_method=\u00bbon\u00bb][et_pb_image src=\u00bbhttp:\/\/www.ict.com.co\/ict\/wp-content\/uploads\/2015\/06\/bot.jpg\u00bb url=\u00bbhttp:\/\/www.ict.com.co\/certificados\/consultar-certificados.php\u00bb url_new_window=\u00bbon\u00bb admin_label=\u00bbImage\u00bb _builder_version=\u00bb3.0.89&#8243; animation_direction=\u00bboff\u00bb animation=\u00bboff\u00bb sticky=\u00bboff\u00bb][\/et_pb_image][et_pb_image src=\u00bbhttps:\/\/www.ict.com.co\/ict\/wp-content\/uploads\/2026\/04\/Diagrama-de-Flujo-de-Certificacion-ICT.png\u00bb _builder_version=\u00bb3.0.89&#8243;][\/et_pb_image][\/et_pb_column][\/et_pb_row][et_pb_row _builder_version=\u00bb3.0.47&#8243; background_size=\u00bbinitial\u00bb background_position=\u00bbtop_left\u00bb background_repeat=\u00bbrepeat\u00bb][et_pb_column type=\u00bb4_4&#8243; _builder_version=\u00bb3.0.47&#8243; parallax=\u00bboff\u00bb parallax_method=\u00bbon\u00bb][et_pb_text admin_label=\u00bbText\u00bb _builder_version=\u00bb3.0.89&#8243; background_size=\u00bbinitial\u00bb background_position=\u00bbtop_left\u00bb background_repeat=\u00bbrepeat\u00bb]<\/p>\n<p style=\"text-align: justify;\">Nuestra filosof\u00eda consiste en trabajar en alianza con nuestros clientes con el fin de mejorar su competitividad.\u00a0 Estos objetivos los logramos gracias a un amplio equipo de auditores y expertos t\u00e9cnicos que aportan valor agregado en sus servicios, con objetividad para el mejoramiento de la industria.<\/p>\n<p>Nuestra misi\u00f3n es proporcionar un amplio rango de servicios de certificaci\u00f3n acreditados bajo est\u00e1ndares reconocidos nacional e internacionalmente.<\/p>\n<p style=\"text-align: justify;\">Nuestro Organismo de Certificaci\u00f3n est\u00e1 totalmente comprometido en invertir en nuestra gente.\u00a0 Cada auditor mantiene un desarrollo profesional continuo y aprendizaje permanente. Tambi\u00e9n nos caracterizamos por estar a la vanguardia con los servicios de certificaci\u00f3n y para ello investigamos y aplicamos herramientas de alto reconocimiento tecnol\u00f3gico para el desarrollo del proceso de auditor\u00eda.<\/p>\n<p style=\"text-align: justify;\">Entendemos que la imparcialidad en la prestaci\u00f3n de servicio de certificaci\u00f3n de sistemas de gesti\u00f3n de nuestros clientes, es un factor determinante para su \u00e9xito en el logro de los objetivos del negocio y por ello, con el fin de dar confianza al p\u00fablico y a las partes interesadas pertinentes, los servicios de Certificaci\u00f3n de nuestra empresa siguen los principios definidos en la norma ISO \/ IEC 17021, para garantizar adem\u00e1s de la competencia, la imparcialidad de su gesti\u00f3n y del personal que presta sus servicios.<\/p>\n<p style=\"text-align: justify;\">Con el fin de evitar conflictos de intereses y salvaguardar la imparcialidad, disponemos de medidas de seguridad a trav\u00e9s de Comit\u00e9s y Comisiones independientes que supervisan las operaciones, as\u00ed como las decisiones clave relacionadas con la certificaci\u00f3n.<\/p>\n<p style=\"text-align: justify;\">Certifique el Sistema de Gesti\u00f3n de su Organizaci\u00f3n con Nosotros.<em><strong>\u00a0 BEYOND QUALITY!!!<\/strong><\/em><\/p>\n<p style=\"text-align: justify;\">Para una cotizaci\u00f3n, por favor completar el<strong><span style=\"color: #000080;\"> <a href=\"https:\/\/www.ict.com.co\/ict\/wp-content\/uploads\/2025\/10\/ICT-F-03-Formulario-Cotizacion-de-Servicios-rev-28.zip\">Formulario de Evaluaci\u00f3n Preliminar<\/a><\/span><\/strong>, le daremos respuesta en m\u00e1ximo 48 horas.<\/p>\n<p style=\"text-align: justify;\">info@ict.com.co<\/p>\n<p>[\/et_pb_text][\/et_pb_column][\/et_pb_row][\/et_pb_section]<\/p>\n","protected":false},"excerpt":{"rendered":"<p>[et_pb_section fb_built=\u00bb1&#8243; background_color=\u00bb#f7f7f7&#8243; inner_shadow=\u00bbon\u00bb fullwidth=\u00bbon\u00bb _builder_version=\u00bb3.0.47&#8243;][et_pb_fullwidth_image src=\u00bbhttps:\/\/www.ict.com.co\/ict\/wp-content\/uploads\/2021\/09\/CERTI.jpg\u00bb _builder_version=\u00bb3.0.89&#8243;][\/et_pb_fullwidth_image][\/et_pb_section][et_pb_section fb_built=\u00bb1&#8243; background_color=\u00bb#ffffff\u00bb _builder_version=\u00bb3.0.47&#8243;][et_pb_row _builder_version=\u00bb3.0.47&#8243; background_size=\u00bbinitial\u00bb background_position=\u00bbtop_left\u00bb background_repeat=\u00bbrepeat\u00bb][et_pb_column type=\u00bb1_2&#8243; _builder_version=\u00bb3.0.47&#8243; parallax=\u00bboff\u00bb parallax_method=\u00bbon\u00bb][et_pb_text admin_label=\u00bbText\u00bb _builder_version=\u00bb3.0.89&#8243; background_size=\u00bbinitial\u00bb background_position=\u00bbtop_left\u00bb background_repeat=\u00bbrepeat\u00bb] &lt;&lt;&lt; Consultar vigilados por el ONAC &gt;&gt;&gt; (www.onac.org.co) &lt;&lt;&lt; Consultar Empresas Certificadas &gt;&gt;&gt; &lt;&lt;&lt; Descarga el formulario para solicitud de cotizaci\u00f3n de Nuestro Servicios &gt;&gt;&gt; IC&amp;T, determina la conformidad de productos [&hellip;]<\/p>\n","protected":false},"author":1,"featured_media":0,"parent":0,"menu_order":0,"comment_status":"open","ping_status":"open","template":"","meta":{"_joinchat":[],"footnotes":""},"class_list":["post-38","page","type-page","status-publish","hentry"],"_links":{"self":[{"href":"https:\/\/www.ict.com.co\/ict\/wp-json\/wp\/v2\/pages\/38","targetHints":{"allow":["GET"]}}],"collection":[{"href":"https:\/\/www.ict.com.co\/ict\/wp-json\/wp\/v2\/pages"}],"about":[{"href":"https:\/\/www.ict.com.co\/ict\/wp-json\/wp\/v2\/types\/page"}],"author":[{"embeddable":true,"href":"https:\/\/www.ict.com.co\/ict\/wp-json\/wp\/v2\/users\/1"}],"replies":[{"embeddable":true,"href":"https:\/\/www.ict.com.co\/ict\/wp-json\/wp\/v2\/comments?post=38"}],"version-history":[{"count":51,"href":"https:\/\/www.ict.com.co\/ict\/wp-json\/wp\/v2\/pages\/38\/revisions"}],"predecessor-version":[{"id":1399,"href":"https:\/\/www.ict.com.co\/ict\/wp-json\/wp\/v2\/pages\/38\/revisions\/1399"}],"wp:attachment":[{"href":"https:\/\/www.ict.com.co\/ict\/wp-json\/wp\/v2\/media?parent=38"}],"curies":[{"name":"wp","href":"https:\/\/api.w.org\/{rel}","templated":true}]}}