{"id":40,"date":"2015-06-02T15:08:45","date_gmt":"2015-06-02T15:08:45","guid":{"rendered":"http:\/\/www.ict.com.co\/ict\/?page_id=40"},"modified":"2026-04-23T20:50:57","modified_gmt":"2026-04-23T20:50:57","slug":"juridicos","status":"publish","type":"page","link":"https:\/\/www.ict.com.co\/ict\/juridicos\/","title":{"rendered":"Servicios Jur\u00eddicos"},"content":{"rendered":"<p>[et_pb_section bb_built=\u00bb1&#8243; background_color=\u00bb#f7f7f7&#8243; inner_shadow=\u00bbon\u00bb fullwidth=\u00bbon\u00bb _builder_version=\u00bb3.0.47&#8243;][et_pb_fullwidth_image src=\u00bbhttps:\/\/www.ict.com.co\/ict\/wp-content\/uploads\/2021\/10\/juridico.jpg\u00bb _builder_version=\u00bb3.0.89&#8243;]<\/p>\n<p>&nbsp;<\/p>\n<p>[\/et_pb_fullwidth_image][\/et_pb_section][et_pb_section bb_built=\u00bb1&#8243; background_color=\u00bb#ffffff\u00bb _builder_version=\u00bb3.0.47&#8243;][et_pb_row _builder_version=\u00bb3.0.47&#8243; background_size=\u00bbinitial\u00bb background_position=\u00bbtop_left\u00bb background_repeat=\u00bbrepeat\u00bb][et_pb_column type=\u00bb1_2&#8243;][et_pb_image admin_label=\u00bbImage\u00bb src=\u00bbhttps:\/\/www.ict.com.co\/ict\/wp-content\/uploads\/2021\/10\/JURIDICO2.jpg\u00bb _builder_version=\u00bb3.0.89&#8243; border_radii=\u00bbon|25px|25px|25px|25px\u00bb animation_direction=\u00bboff\u00bb box_shadow_style=\u00bbpreset2&#8243; animation=\u00bboff\u00bb sticky=\u00bboff\u00bb show_bottom_space=\u00bboff\u00bb]<\/p>\n<p>&nbsp;<\/p>\n<p>[\/et_pb_image][et_pb_divider _builder_version=\u00bb3.0.89&#8243; \/][et_pb_divider _builder_version=\u00bb3.0.89&#8243; \/][et_pb_image admin_label=\u00bbImage\u00bb src=\u00bbhttps:\/\/www.ict.com.co\/ict\/wp-content\/uploads\/2026\/04\/jur3.jpg\u00bb _builder_version=\u00bb3.0.89&#8243; border_radii=\u00bbon|25px|25px|25px|25px\u00bb box_shadow_style=\u00bbpreset2&#8243; animation=\u00bboff\u00bb sticky=\u00bboff\u00bb show_bottom_space=\u00bboff\u00bb show_in_lightbox=\u00bboff\u00bb url_new_window=\u00bboff\u00bb use_overlay=\u00bboff\u00bb always_center_on_mobile=\u00bbon\u00bb force_fullwidth=\u00bboff\u00bb animation_direction=\u00bboff\u00bb]<\/p>\n<p>&nbsp;<\/p>\n<p>[\/et_pb_image][et_pb_divider _builder_version=\u00bb3.0.89&#8243; \/][et_pb_divider _builder_version=\u00bb3.0.89&#8243; \/][et_pb_image admin_label=\u00bbImage\u00bb src=\u00bbhttps:\/\/www.ict.com.co\/ict\/wp-content\/uploads\/2026\/04\/jur4.jpg\u00bb _builder_version=\u00bb3.0.89&#8243; border_radii=\u00bbon|25px|25px|25px|25px\u00bb box_shadow_style=\u00bbpreset2&#8243; animation=\u00bboff\u00bb sticky=\u00bboff\u00bb show_bottom_space=\u00bboff\u00bb show_in_lightbox=\u00bboff\u00bb url_new_window=\u00bboff\u00bb use_overlay=\u00bboff\u00bb always_center_on_mobile=\u00bbon\u00bb force_fullwidth=\u00bboff\u00bb animation_direction=\u00bboff\u00bb]<\/p>\n<p>&nbsp;<\/p>\n<p>[\/et_pb_image][et_pb_divider _builder_version=\u00bb3.0.89&#8243; \/][et_pb_divider _builder_version=\u00bb3.0.89&#8243; \/][et_pb_image admin_label=\u00bbImage\u00bb src=\u00bbhttps:\/\/www.ict.com.co\/ict\/wp-content\/uploads\/2026\/04\/jur2.jpg\u00bb _builder_version=\u00bb3.0.89&#8243; border_radii=\u00bbon|25px|25px|25px|25px\u00bb box_shadow_style=\u00bbpreset2&#8243; animation=\u00bboff\u00bb sticky=\u00bboff\u00bb show_bottom_space=\u00bboff\u00bb show_in_lightbox=\u00bboff\u00bb url_new_window=\u00bboff\u00bb use_overlay=\u00bboff\u00bb always_center_on_mobile=\u00bbon\u00bb force_fullwidth=\u00bboff\u00bb animation_direction=\u00bboff\u00bb]<\/p>\n<p>&nbsp;<\/p>\n<p>[\/et_pb_image][et_pb_divider _builder_version=\u00bb3.0.89&#8243; \/][et_pb_divider _builder_version=\u00bb3.0.89&#8243; \/][et_pb_video _builder_version=\u00bb3.0.89&#8243; src=\u00bbhttps:\/\/www.youtube.com\/watch?v=DbhXbpRhS9M&amp;t=1s\u00bb border_radii=\u00bbon|25px|25px|25px|25px\u00bb \/][et_pb_divider _builder_version=\u00bb3.0.89&#8243; \/][et_pb_divider _builder_version=\u00bb3.0.89&#8243; \/][et_pb_image admin_label=\u00bbImage\u00bb src=\u00bbhttps:\/\/www.ict.com.co\/ict\/wp-content\/uploads\/2026\/04\/jur5.jpg\u00bb _builder_version=\u00bb3.0.89&#8243; border_radii=\u00bbon|25px|25px|25px|25px\u00bb box_shadow_style=\u00bbpreset2&#8243; animation=\u00bboff\u00bb sticky=\u00bboff\u00bb show_bottom_space=\u00bboff\u00bb show_in_lightbox=\u00bboff\u00bb url_new_window=\u00bboff\u00bb use_overlay=\u00bboff\u00bb always_center_on_mobile=\u00bbon\u00bb force_fullwidth=\u00bboff\u00bb animation_direction=\u00bboff\u00bb]<\/p>\n<p>&nbsp;<\/p>\n<p>[\/et_pb_image][et_pb_divider _builder_version=\u00bb3.0.89&#8243; \/][et_pb_divider _builder_version=\u00bb3.0.89&#8243; \/][et_pb_image admin_label=\u00bbImage\u00bb src=\u00bbhttps:\/\/www.ict.com.co\/ict\/wp-content\/uploads\/2026\/04\/jur1.jpg\u00bb _builder_version=\u00bb3.0.89&#8243; border_radii=\u00bbon|25px|25px|25px|25px\u00bb box_shadow_style=\u00bbpreset2&#8243; animation=\u00bboff\u00bb sticky=\u00bboff\u00bb show_bottom_space=\u00bboff\u00bb show_in_lightbox=\u00bboff\u00bb url_new_window=\u00bboff\u00bb use_overlay=\u00bboff\u00bb always_center_on_mobile=\u00bbon\u00bb force_fullwidth=\u00bboff\u00bb animation_direction=\u00bboff\u00bb]<\/p>\n<p>&nbsp;<\/p>\n<p>[\/et_pb_image][et_pb_divider _builder_version=\u00bb3.0.89&#8243; \/][et_pb_divider _builder_version=\u00bb3.0.89&#8243; \/][et_pb_video _builder_version=\u00bb3.0.89&#8243; src=\u00bbhttps:\/\/www.youtube.com\/watch?v=Zz4kRIUcRbM&amp;t=1s\u00bb border_radii=\u00bbon|25px|25px|25px|25px\u00bb \/][et_pb_divider _builder_version=\u00bb3.0.89&#8243; \/][et_pb_divider _builder_version=\u00bb3.0.89&#8243; \/][et_pb_video _builder_version=\u00bb3.0.89&#8243; src=\u00bbhttps:\/\/www.youtube.com\/watch?v=AUH9aOLa5aI\u00bb border_radii=\u00bbon|25px|25px|25px|25px\u00bb \/][\/et_pb_column][et_pb_column type=\u00bb1_2&#8243;][et_pb_text admin_label=\u00bbText\u00bb _builder_version=\u00bb3.0.89&#8243; background_size=\u00bbinitial\u00bb background_position=\u00bbtop_left\u00bb background_repeat=\u00bbrepeat\u00bb]<\/p>\n<p><span style=\"font-size: x-large; color: #0c71c3;\"><strong>ALCANCE DE SERVICIOS JUR\u00cdDICOS DE IC&amp;T<\/strong><\/span><\/p>\n<p>&nbsp;<\/p>\n<p style=\"text-align: justify;\">Los servicios jur\u00eddicos de IC&amp;T no son exclusivos para cuando Usted o su empresa se encuentren en dificultades, son servicios aplicables a todas las disciplinas del derecho que lo ponen en riesgo a Usted como persona natural o a su compa\u00f1\u00eda en cuanto a la continuidad de los negocios y es por ello por lo que disponemos de un equipo de abogados para desempe\u00f1ar actividades de asesor\u00eda, acompa\u00f1amiento y representaci\u00f3n judicial en los t\u00f3picos de:<\/p>\n<p style=\"text-align: justify;\"><strong>Derecho societario:<\/strong> Asesoramos en la creaci\u00f3n y administraci\u00f3n de sociedades nacionales y extranjeras, dise\u00f1o y elaboraci\u00f3n de acuerdos de accionistas y reglas de gobierno corporativo, negociaci\u00f3n y elaboraci\u00f3n de contratos, y, en general, todo el acompa\u00f1amiento necesario para una gesti\u00f3n corporativa eficiente. Contamos con profesionales especializados en r\u00e9gimen de insolvencia, donde brindamos el apoyo necesario para emprender tu recuperaci\u00f3n, ofreciendo un amplio abanico de alternativas de negociaci\u00f3n con tus acreedores.<\/p>\n<p style=\"text-align: justify;\"><strong>Delitos relacionados con el Derecho penal econ\u00f3mico y de la empresa:<\/strong> Dise\u00f1o y monitoreo de programas de prevenci\u00f3n del criminal <em>compliance<\/em> para la empresa que va desde concusi\u00f3n, cohecho, celebraci\u00f3n de contratos sin el lleno de requisitos, etc., hasta la prevenci\u00f3n del lavado de activos, extinci\u00f3n del derecho de dominio y fraude fiscal.<\/p>\n<p style=\"text-align: justify;\"><strong>Seguridad y Salud en el trabajo:<\/strong> Implementaci\u00f3n y verificaci\u00f3n del cumplimiento de las disposiciones establecidas por el ministerio del trabajo en cuanto al desarrollo de los procesos que se definen en normativas como el Decreto 1072, la Resoluci\u00f3n 312 y normas como ISO 45001, entre otras para el sistema de gesti\u00f3n de seguridad y salud en el trabajo (SG SST).<\/p>\n<p style=\"text-align: justify;\"><strong>Plan estrat\u00e9gico de seguridad vial:<\/strong> Implementaci\u00f3n y monitoreo de conformidad con la Resoluci\u00f3n 1565 con el fin de garantizar el cumplimiento a la ley 2050. Este plan puede ser articulado con el SG SST.<\/p>\n<p style=\"text-align: justify;\"><strong>Derecho de seguros:<\/strong> An\u00e1lisis de riesgos para reclamaciones y ajustes relacionados con la responsabilidad civil contractual y extracontractual de la Organizaci\u00f3n.<\/p>\n<p style=\"text-align: justify;\"><strong>Derecho penal:<\/strong> Asesor\u00eda y representaci\u00f3n judicial como defensor o representante de v\u00edctimas en audiencias preliminares, acusaci\u00f3n, preparatoria, juicio oral y derecho penitenciario, as\u00ed como en apelaciones y recursos extraordinarios de casaci\u00f3n e impugnaci\u00f3n especial.<\/p>\n<p style=\"text-align: justify;\"><strong>Legislaci\u00f3n laboral:<\/strong> Verificaci\u00f3n de cumplimiento del c\u00f3digo sustantivo del trabajo, las relaciones de la empresa con los trabajadores, reglamentos internos de trabajo, procesos disciplinarios, derecho laboral colectivo, seguridad social y de la legislaci\u00f3n laboral en general para prevenir demandas y sanciones laborales.<\/p>\n<p style=\"text-align: justify;\"><strong>Derecho de pensiones:<\/strong> Acompa\u00f1amiento y asesor\u00eda en r\u00e9gimen privado y de prima media para pensiones de vejez, invalidez o muerte.<\/p>\n<p style=\"text-align: justify;\"><strong>Derecho comercial y del consumidor:<\/strong> Desempe\u00f1amos nuestros servicios en temas afines como derecho comercial y de la competencia, del consumo, propiedad industrial, propiedad intelectual, registro de marcas y protecci\u00f3n de datos.<\/p>\n<p style=\"text-align: justify;\"><strong>Derecho minero:<\/strong> Todo lo relacionado con t\u00edtulos mineros, constituci\u00f3n de empresas internacionales en Colombia, licencias ambientales, planes de manejo ambiental, mitigaci\u00f3n de impactos, clausura y posclausura, hacen parte de nuestra oferta de valor al sector minero.<\/p>\n<p style=\"text-align: justify;\"><strong>Derecho ambiental:<\/strong> Asesor\u00eda t\u00e9cnica y jur\u00eddica especializada para la elaboraci\u00f3n de planes de manejo ambiental, para la constituci\u00f3n y operaci\u00f3n del departamento de gesti\u00f3n ambiental, obligaci\u00f3n que nace del Decreto 1299 de 2008, para, entre otros, garantizar el cumplimiento de la normatividad ambiental aplicable a cada actividad, prevenir, controlar y minimizar la generaci\u00f3n de cargas contaminantes, promover pr\u00e1cticas de producci\u00f3n m\u00e1s limpia y proteger y conservar los ecosistemas.<\/p>\n<p style=\"text-align: justify;\"><strong>Derecho administrativo y de lo contencioso administrativo:<\/strong> Las relaciones de las Organizaciones privadas con las p\u00fablicas y de las p\u00fablicas entre ellas, conllevan el cumplimiento de las leyes 1437 y 2080 que buscan, en \u00faltimas, garantizar el correcto funcionamiento a los administrados y la prevenci\u00f3n del da\u00f1o antijur\u00eddico. Nuestros abogados expertos en derecho administrativo brindan toda la asesor\u00eda para que estos objetivos se cumplan mediante la implementaci\u00f3n de mecanismos de vigilancia y control adecuados, as\u00ed como para la asesor\u00eda y representaci\u00f3n judicial en etapas prejudicial y contenciosa en medios de control (demandas contra el estado- Reparaciones directas, Nulidad con restablecimiento del derecho, Acciones populares y Acciones de grupo).<\/p>\n<p style=\"text-align: justify;\"><strong>Normas Anti soborno (ISO 37001) y de <em>Compliance<\/em> (ISO 37301):<\/strong> Implementaci\u00f3n del sistema de gesti\u00f3n anti soborno con base en la norma ISO 37001:2016 y de <em>Compliance<\/em> de la ISO 37301:2021. As\u00ed mismo, nuestro equipo de abogados auditores l\u00edderes determina la conformidad del sistema de gesti\u00f3n Anti soborno y de <em>Compliance<\/em> y la capacidad del sistema para asegurar que la organizaci\u00f3n, cumple con los requisitos legales, reglamentarios y contractuales aplicables al alcance de dicho sistema de gesti\u00f3n. Esta implementaci\u00f3n y evaluaci\u00f3n le permite a la organizaci\u00f3n tener expectativas razonables acerca del cumplimiento de los objetivos establecidos en materia de prevenci\u00f3n de estas pr\u00e1cticas.<\/p>\n<p style=\"text-align: justify;\"><strong>Seguridad de la informaci\u00f3n (ISO 27001):<\/strong> El anexo A de ISO 27001 est\u00e1 dedicado a controles que nos permitan garantizar el cumplimiento con las pol\u00edticas, normas y legislaci\u00f3n aplicable enfoc\u00e1ndose principalmente en lo que se refiere a seguridad de la informaci\u00f3n. Nuestro trabajo se enfoca en la implementaci\u00f3n y auditor\u00eda de conformidad en aspectos como Identificaci\u00f3n de la legislaci\u00f3n aplicable y de los requisitos contractuales, derechos de propiedad intelectual, protecci\u00f3n de los registros, protecci\u00f3n de los datos y privacidad de la informaci\u00f3n personal, regulaci\u00f3n de los controles criptogr\u00e1ficos, revisi\u00f3n independiente de la seguridad de la informaci\u00f3n, cumplimiento de la pol\u00edtica y las normas de seguridad y revisi\u00f3n del cumplimiento t\u00e9cnico.<\/p>\n<p style=\"text-align: justify;\"><strong>Normas de cumplimiento en materia de LAFT para empresas privadas:<\/strong> De acuerdo con la naturaleza del negocio, las organizaciones obligadas a implementar programas de prevenci\u00f3n del lavado de activos, financiaci\u00f3n del terrorismo y proliferaci\u00f3n de armas de destrucci\u00f3n masiva, tienen un compromiso con el pa\u00eds y las diferentes entidades de control que demandan de servicios de expertos en temas de derecho penal econ\u00f3mico, auditor\u00edas y sistemas de gesti\u00f3n en los que IC&amp;T es el experto que se los pueden ofrecer en forma integral.<\/p>\n<p style=\"text-align: justify;\"><strong><span style=\"font-size: x-large; color: #0c71c3;\">SOLUCIONES EN PROCESOS PARA LA ADMINISTRACI\u00d3N P\u00daBLICA.<\/span><\/strong><\/p>\n<p style=\"text-align: justify;\"><strong>Dise\u00f1o e implementaci\u00f3n de programas de transparencia y \u00e9tica en el sector p\u00fablico:<\/strong> La Ley 2195 de 2022 establece que cada entidad del orden nacional, departamental y municipal, cualquiera que sea su r\u00e9gimen de contrataci\u00f3n, DEBER\u00c1 IMPLEMENTAR PROGRAMAS DE TRANSPARENCIA Y \u00c9TICA P\u00daBLICA con el fin de promover la cultura de la legalidad e identificar, medir, controlar y monitorear constantemente el riesgo de corrupci\u00f3n en el desarrollo de su misionalidad. IC&amp;T es el aliado estrat\u00e9gico para que el cumplimiento de esta exigencia sea una realidad ya que disponemos de los expertos en gesti\u00f3n de riesgos, compliance, derecho penal y derecho administrativo que la administraci\u00f3n p\u00fablica requiere para este efecto.<\/p>\n<p style=\"text-align: justify;\"><strong>Dise\u00f1o e implementaci\u00f3n del modelo integrado de planeaci\u00f3n y gesti\u00f3n -MIPG-:<\/strong> Todo lo requerido para la implementaci\u00f3n del MIPG (Decreto 1499\/17) a su alcance a trav\u00e9s de servicios especializados en gesti\u00f3n de riesgos y derecho administrativo de IC&amp;T. Nuestros auditores y abogados expertos prestan sus servicios para agilizar la administraci\u00f3n de las 7 dimensiones y 17 pol\u00edticas que constituyen el MIPG de tal forma que la entidad:<br \/>\n&#8211; Haga seguimiento, auditor\u00eda interna y control a cada dimensi\u00f3n y pol\u00edtica.<br \/>\n&#8211; Defina las l\u00edneas de defensa.<br \/>\n&#8211; Articule sus mapas de procesos y otros sistemas de gesti\u00f3n con el MIPG (ISO 9001, ISO 27001, ISO 45001, ISO 14001, RES. 312\/19, entre otros).<br \/>\n&#8211; Haga la construcci\u00f3n, monitoreo y reporte del MIPG.<\/p>\n<p style=\"text-align: justify;\"><strong>Implementaci\u00f3n de pol\u00edticas de prevenci\u00f3n del da\u00f1o antijur\u00eddico -PDAJ-:<\/strong> El da\u00f1o antijur\u00eddico es el da\u00f1o injustificado que el Estado le causa a un tercero que no est\u00e1 obligado a soportarlo de lo cual surge la responsabilidad patrimonial de la administraci\u00f3n y que conlleva un resarcimiento de los perjuicios causados (Art. 90 C.P.). Los expertos en derecho p\u00fablico de IC&amp;T asesoran en la aplicaci\u00f3n de los lineamientos de la Agencia Nacional de Defensa Jur\u00eddica del Estado \u2013ANDJE- para que la entidad establezca y d\u00e9 aplicaci\u00f3n a sus pol\u00edticas de PDAJ, as\u00ed como a la gesti\u00f3n de los riesgos de litigio y el apoyo a los comit\u00e9s de conciliaci\u00f3n en esta materia.<\/p>\n<p style=\"text-align: justify;\"><strong>Implementaci\u00f3n de programas de lucha contra la corrupci\u00f3n y la prevenci\u00f3n del lavado de <\/strong><strong>activos, financiamiento al terrorismo y proliferaci\u00f3n de armas de destrucci\u00f3n masiva -LAFT- en el sector p\u00fablico:<\/strong> Con un bufete de expertos en gesti\u00f3n de riesgos, derecho penal y en derecho administrativo, IC&amp;T asesora en la implementaci\u00f3n de modelos LAFT mediante:<br \/>\n&#8211; Administraci\u00f3n de la oficina de compliance o suministro del oficial de cumplimiento.<br \/>\n&#8211; Gesti\u00f3n de programas de prevenci\u00f3n de delitos econ\u00f3micos y de LAFT.<br \/>\n&#8211; Administraci\u00f3n de listas SARLAFT, SIPLAFT y SAGRILAFT de proveedores y contratistas.<br \/>\n&#8211; Gesti\u00f3n de los riesgos de LAFT.<\/p>\n<p>&nbsp;<\/p>\n<p>Cont\u00e1ctenos: juridica@ict.com.co<\/p>\n<p>[\/et_pb_text][\/et_pb_column][\/et_pb_row][\/et_pb_section]<\/p>\n","protected":false},"excerpt":{"rendered":"<p>[et_pb_section bb_built=\u00bb1&#8243; background_color=\u00bb#f7f7f7&#8243; inner_shadow=\u00bbon\u00bb fullwidth=\u00bbon\u00bb _builder_version=\u00bb3.0.47&#8243;][et_pb_fullwidth_image src=\u00bbhttps:\/\/www.ict.com.co\/ict\/wp-content\/uploads\/2021\/10\/juridico.jpg\u00bb _builder_version=\u00bb3.0.89&#8243;] &nbsp; [\/et_pb_fullwidth_image][\/et_pb_section][et_pb_section bb_built=\u00bb1&#8243; background_color=\u00bb#ffffff\u00bb _builder_version=\u00bb3.0.47&#8243;][et_pb_row _builder_version=\u00bb3.0.47&#8243; background_size=\u00bbinitial\u00bb background_position=\u00bbtop_left\u00bb background_repeat=\u00bbrepeat\u00bb][et_pb_column type=\u00bb1_2&#8243;][et_pb_image admin_label=\u00bbImage\u00bb src=\u00bbhttps:\/\/www.ict.com.co\/ict\/wp-content\/uploads\/2021\/10\/JURIDICO2.jpg\u00bb _builder_version=\u00bb3.0.89&#8243; border_radii=\u00bbon|25px|25px|25px|25px\u00bb animation_direction=\u00bboff\u00bb box_shadow_style=\u00bbpreset2&#8243; animation=\u00bboff\u00bb sticky=\u00bboff\u00bb show_bottom_space=\u00bboff\u00bb] &nbsp; [\/et_pb_image][et_pb_divider _builder_version=\u00bb3.0.89&#8243; \/][et_pb_divider _builder_version=\u00bb3.0.89&#8243; \/][et_pb_image admin_label=\u00bbImage\u00bb src=\u00bbhttps:\/\/www.ict.com.co\/ict\/wp-content\/uploads\/2026\/04\/jur3.jpg\u00bb _builder_version=\u00bb3.0.89&#8243; border_radii=\u00bbon|25px|25px|25px|25px\u00bb box_shadow_style=\u00bbpreset2&#8243; animation=\u00bboff\u00bb sticky=\u00bboff\u00bb show_bottom_space=\u00bboff\u00bb show_in_lightbox=\u00bboff\u00bb url_new_window=\u00bboff\u00bb use_overlay=\u00bboff\u00bb always_center_on_mobile=\u00bbon\u00bb force_fullwidth=\u00bboff\u00bb animation_direction=\u00bboff\u00bb] &nbsp; [\/et_pb_image][et_pb_divider _builder_version=\u00bb3.0.89&#8243; \/][et_pb_divider _builder_version=\u00bb3.0.89&#8243; \/][et_pb_image admin_label=\u00bbImage\u00bb src=\u00bbhttps:\/\/www.ict.com.co\/ict\/wp-content\/uploads\/2026\/04\/jur4.jpg\u00bb [&hellip;]<\/p>\n","protected":false},"author":1,"featured_media":0,"parent":0,"menu_order":0,"comment_status":"open","ping_status":"open","template":"","meta":{"_joinchat":[],"footnotes":""},"class_list":["post-40","page","type-page","status-publish","hentry"],"_links":{"self":[{"href":"https:\/\/www.ict.com.co\/ict\/wp-json\/wp\/v2\/pages\/40","targetHints":{"allow":["GET"]}}],"collection":[{"href":"https:\/\/www.ict.com.co\/ict\/wp-json\/wp\/v2\/pages"}],"about":[{"href":"https:\/\/www.ict.com.co\/ict\/wp-json\/wp\/v2\/types\/page"}],"author":[{"embeddable":true,"href":"https:\/\/www.ict.com.co\/ict\/wp-json\/wp\/v2\/users\/1"}],"replies":[{"embeddable":true,"href":"https:\/\/www.ict.com.co\/ict\/wp-json\/wp\/v2\/comments?post=40"}],"version-history":[{"count":37,"href":"https:\/\/www.ict.com.co\/ict\/wp-json\/wp\/v2\/pages\/40\/revisions"}],"predecessor-version":[{"id":1372,"href":"https:\/\/www.ict.com.co\/ict\/wp-json\/wp\/v2\/pages\/40\/revisions\/1372"}],"wp:attachment":[{"href":"https:\/\/www.ict.com.co\/ict\/wp-json\/wp\/v2\/media?parent=40"}],"curies":[{"name":"wp","href":"https:\/\/api.w.org\/{rel}","templated":true}]}}