{"id":42,"date":"2015-06-02T15:09:28","date_gmt":"2015-06-02T15:09:28","guid":{"rendered":"http:\/\/www.ict.com.co\/ict\/?page_id=42"},"modified":"2021-10-05T19:27:03","modified_gmt":"2021-10-05T19:27:03","slug":"interventoria","status":"publish","type":"page","link":"https:\/\/www.ict.com.co\/ict\/interventoria\/","title":{"rendered":"Interventor\u00eda"},"content":{"rendered":"<p>[et_pb_section bb_built=\u00bb1&#8243; fullwidth=\u00bbon\u00bb specialty=\u00bboff\u00bb][et_pb_fullwidth_image _builder_version=\u00bb3.0.89&#8243; src=\u00bbhttps:\/\/www.ict.com.co\/ict\/wp-content\/uploads\/2021\/09\/interv.jpg\u00bb show_in_lightbox=\u00bboff\u00bb url_new_window=\u00bboff\u00bb use_overlay=\u00bboff\u00bb \/][\/et_pb_section][et_pb_section bb_built=\u00bb1&#8243; background_color=\u00bb#ffffff\u00bb _builder_version=\u00bb3.0.47&#8243;][et_pb_row _builder_version=\u00bb3.0.47&#8243; background_size=\u00bbinitial\u00bb background_position=\u00bbtop_left\u00bb background_repeat=\u00bbrepeat\u00bb][et_pb_column type=\u00bb1_2&#8243;][et_pb_image admin_label=\u00bbImage\u00bb src=\u00bbhttp:\/\/www.ict.com.co\/ict\/wp-content\/uploads\/2015\/06\/aud-formar-1.jpg\u00bb _builder_version=\u00bb3.0.89&#8243; animation=\u00bboff\u00bb sticky=\u00bboff\u00bb show_bottom_space=\u00bbon\u00bb show_in_lightbox=\u00bboff\u00bb url_new_window=\u00bboff\u00bb use_overlay=\u00bboff\u00bb always_center_on_mobile=\u00bbon\u00bb force_fullwidth=\u00bboff\u00bb border_radii=\u00bbon|25px|25px|25px|25px\u00bb box_shadow_style=\u00bbpreset2&#8243; animation_direction=\u00bboff\u00bb]<\/p>\n<p>&nbsp;<\/p>\n<p>[\/et_pb_image][\/et_pb_column][et_pb_column type=\u00bb1_2&#8243;][et_pb_text admin_label=\u00bbText\u00bb _builder_version=\u00bb3.0.47&#8243; background_size=\u00bbinitial\u00bb background_position=\u00bbtop_left\u00bb background_repeat=\u00bbrepeat\u00bb]<\/p>\n<p style=\"text-align: left;\"><span style=\"font-size: xx-large; color: #0c71c3;\"><strong>Interventor\u00eda.<\/strong><\/span><\/p>\n<p style=\"text-align: justify;\"><span style=\"font-size: large;\"><strong>IC&amp;T <\/strong>\u00a0ofrece a la comunidad empresarial sus servicios de interventor\u00eda t\u00e9cnica, administrativa y financiera, para las fases de especificaci\u00f3n, dise\u00f1o, fabricaci\u00f3n, inspecci\u00f3n, recepci\u00f3n, montaje, instalaci\u00f3n, puesta en marcha, operaci\u00f3n y mantenimiento de proyectos y\/o sistemas, bajo los est\u00e1ndares definidos por nuestros clientes en sus especificaciones de contrataci\u00f3n y\/o por las normas Nacionales o Internacionales.<\/span><\/p>\n<p>[\/et_pb_text][\/et_pb_column][\/et_pb_row][\/et_pb_section]<\/p>\n","protected":false},"excerpt":{"rendered":"<p>[et_pb_section bb_built=\u00bb1&#8243; fullwidth=\u00bbon\u00bb specialty=\u00bboff\u00bb][et_pb_fullwidth_image _builder_version=\u00bb3.0.89&#8243; src=\u00bbhttps:\/\/www.ict.com.co\/ict\/wp-content\/uploads\/2021\/09\/interv.jpg\u00bb show_in_lightbox=\u00bboff\u00bb url_new_window=\u00bboff\u00bb use_overlay=\u00bboff\u00bb \/][\/et_pb_section][et_pb_section bb_built=\u00bb1&#8243; background_color=\u00bb#ffffff\u00bb _builder_version=\u00bb3.0.47&#8243;][et_pb_row _builder_version=\u00bb3.0.47&#8243; background_size=\u00bbinitial\u00bb background_position=\u00bbtop_left\u00bb background_repeat=\u00bbrepeat\u00bb][et_pb_column type=\u00bb1_2&#8243;][et_pb_image admin_label=\u00bbImage\u00bb src=\u00bbhttp:\/\/www.ict.com.co\/ict\/wp-content\/uploads\/2015\/06\/aud-formar-1.jpg\u00bb _builder_version=\u00bb3.0.89&#8243; animation=\u00bboff\u00bb sticky=\u00bboff\u00bb show_bottom_space=\u00bbon\u00bb show_in_lightbox=\u00bboff\u00bb url_new_window=\u00bboff\u00bb use_overlay=\u00bboff\u00bb always_center_on_mobile=\u00bbon\u00bb force_fullwidth=\u00bboff\u00bb border_radii=\u00bbon|25px|25px|25px|25px\u00bb box_shadow_style=\u00bbpreset2&#8243; animation_direction=\u00bboff\u00bb] &nbsp; [\/et_pb_image][\/et_pb_column][et_pb_column type=\u00bb1_2&#8243;][et_pb_text admin_label=\u00bbText\u00bb _builder_version=\u00bb3.0.47&#8243; background_size=\u00bbinitial\u00bb background_position=\u00bbtop_left\u00bb background_repeat=\u00bbrepeat\u00bb] Interventor\u00eda. IC&amp;T \u00a0ofrece a la comunidad empresarial sus servicios de interventor\u00eda t\u00e9cnica, administrativa y financiera, [&hellip;]<\/p>\n","protected":false},"author":1,"featured_media":0,"parent":0,"menu_order":0,"comment_status":"open","ping_status":"open","template":"","meta":{"_joinchat":[],"footnotes":""},"class_list":["post-42","page","type-page","status-publish","hentry"],"_links":{"self":[{"href":"https:\/\/www.ict.com.co\/ict\/wp-json\/wp\/v2\/pages\/42","targetHints":{"allow":["GET"]}}],"collection":[{"href":"https:\/\/www.ict.com.co\/ict\/wp-json\/wp\/v2\/pages"}],"about":[{"href":"https:\/\/www.ict.com.co\/ict\/wp-json\/wp\/v2\/types\/page"}],"author":[{"embeddable":true,"href":"https:\/\/www.ict.com.co\/ict\/wp-json\/wp\/v2\/users\/1"}],"replies":[{"embeddable":true,"href":"https:\/\/www.ict.com.co\/ict\/wp-json\/wp\/v2\/comments?post=42"}],"version-history":[{"count":15,"href":"https:\/\/www.ict.com.co\/ict\/wp-json\/wp\/v2\/pages\/42\/revisions"}],"predecessor-version":[{"id":1055,"href":"https:\/\/www.ict.com.co\/ict\/wp-json\/wp\/v2\/pages\/42\/revisions\/1055"}],"wp:attachment":[{"href":"https:\/\/www.ict.com.co\/ict\/wp-json\/wp\/v2\/media?parent=42"}],"curies":[{"name":"wp","href":"https:\/\/api.w.org\/{rel}","templated":true}]}}