{"id":44,"date":"2015-06-02T15:10:01","date_gmt":"2015-06-02T15:10:01","guid":{"rendered":"http:\/\/www.ict.com.co\/ict\/?page_id=44"},"modified":"2021-10-05T19:26:28","modified_gmt":"2021-10-05T19:26:28","slug":"proveedores","status":"publish","type":"page","link":"https:\/\/www.ict.com.co\/ict\/proveedores\/","title":{"rendered":"Evaluaci\u00f3n de Proveedores"},"content":{"rendered":"<p>[et_pb_section bb_built=\u00bb1&#8243; fullwidth=\u00bbon\u00bb specialty=\u00bboff\u00bb background_color=\u00bb#f7f7f7&#8243; inner_shadow=\u00bbon\u00bb parallax=\u00bboff\u00bb][et_pb_fullwidth_image _builder_version=\u00bb3.0.89&#8243; src=\u00bbhttps:\/\/www.ict.com.co\/ict\/wp-content\/uploads\/2021\/10\/EVALUACION.jpg\u00bb show_in_lightbox=\u00bboff\u00bb url_new_window=\u00bboff\u00bb use_overlay=\u00bboff\u00bb \/][\/et_pb_section][et_pb_section bb_built=\u00bb1&#8243; fullwidth=\u00bboff\u00bb specialty=\u00bboff\u00bb background_color=\u00bb#ffffff\u00bb inner_shadow=\u00bboff\u00bb parallax=\u00bboff\u00bb][et_pb_row][et_pb_column type=\u00bb1_2&#8243;][et_pb_image admin_label=\u00bbImage\u00bb src=\u00bbhttps:\/\/www.ict.com.co\/ict\/wp-content\/uploads\/2021\/09\/AUDIT2.jpg\u00bb show_in_lightbox=\u00bboff\u00bb url_new_window=\u00bboff\u00bb animation=\u00bboff\u00bb sticky=\u00bboff\u00bb show_bottom_space=\u00bbon\u00bb _builder_version=\u00bb3.0.89&#8243; use_overlay=\u00bboff\u00bb align=\u00bbcenter\u00bb always_center_on_mobile=\u00bbon\u00bb force_fullwidth=\u00bboff\u00bb border_radii=\u00bbon|25px|25px|25px|25px\u00bb box_shadow_style=\u00bbpreset2&#8243; animation_direction=\u00bboff\u00bb \/][et_pb_image admin_label=\u00bbImage\u00bb src=\u00bbhttp:\/\/www.ict.com.co\/ict\/wp-content\/uploads\/2015\/06\/gestion-financiera_01.jpg\u00bb show_in_lightbox=\u00bboff\u00bb url_new_window=\u00bboff\u00bb animation=\u00bboff\u00bb sticky=\u00bboff\u00bb show_bottom_space=\u00bbon\u00bb _builder_version=\u00bb3.0.89&#8243; use_overlay=\u00bboff\u00bb align=\u00bbcenter\u00bb always_center_on_mobile=\u00bbon\u00bb force_fullwidth=\u00bboff\u00bb border_radii=\u00bbon|25px|25px|25px|25px\u00bb box_shadow_style=\u00bbpreset2&#8243; animation_direction=\u00bboff\u00bb \/][\/et_pb_column][et_pb_column type=\u00bb1_2&#8243;][et_pb_text admin_label=\u00bbText\u00bb background_layout=\u00bblight\u00bb text_orientation=\u00bbleft\u00bb background_position=\u00bbtop_left\u00bb background_repeat=\u00bbrepeat\u00bb background_size=\u00bbinitial\u00bb]<\/p>\n<p><strong>Auditor\u00eda.<\/strong><\/p>\n<p>Con base en metodolog\u00edas\u00a0<strong><em>ISO 17020, IC&amp;T <\/em><\/strong>\u00a0presta servicios de inspecci\u00f3n para los sectores:<\/p>\n<p><strong><a href=\"http:\/\/www.ict.com.co\/ict\/wp-content\/uploads\/2015\/06\/logopng.jpg\"><img loading=\"lazy\" decoding=\"async\" class=\"alignnone size-full wp-image-122\" src=\"http:\/\/www.ict.com.co\/ict\/wp-content\/uploads\/2015\/06\/logopng.jpg\" alt=\"logopng\" width=\"27\" height=\"19\" \/><\/a><\/strong>\u00a0Instalaciones el\u00e9ctricas residenciales, especiales, industriales.<br \/>\n<strong><a href=\"http:\/\/www.ict.com.co\/ict\/wp-content\/uploads\/2015\/06\/logopng.jpg\"><img loading=\"lazy\" decoding=\"async\" class=\"alignnone size-full wp-image-122\" src=\"http:\/\/www.ict.com.co\/ict\/wp-content\/uploads\/2015\/06\/logopng.jpg\" alt=\"logopng\" width=\"27\" height=\"19\" \/><\/a><\/strong> Reconexi\u00f3n de usuarios del servicio de energ\u00eda el\u00e9ctrica.<br \/>\n<strong><a href=\"http:\/\/www.ict.com.co\/ict\/wp-content\/uploads\/2015\/06\/logopng.jpg\"><img loading=\"lazy\" decoding=\"async\" class=\"alignnone size-full wp-image-122\" src=\"http:\/\/www.ict.com.co\/ict\/wp-content\/uploads\/2015\/06\/logopng.jpg\" alt=\"logopng\" width=\"27\" height=\"19\" \/><\/a><\/strong> Instalaciones domiciliarias y redes de distribuci\u00f3n de gas natural.<br \/>\n<strong><a href=\"http:\/\/www.ict.com.co\/ict\/wp-content\/uploads\/2015\/06\/logopng.jpg\"><img loading=\"lazy\" decoding=\"async\" class=\"alignnone size-full wp-image-122\" src=\"http:\/\/www.ict.com.co\/ict\/wp-content\/uploads\/2015\/06\/logopng.jpg\" alt=\"logopng\" width=\"27\" height=\"19\" \/><\/a><\/strong> Talleres de conversi\u00f3n de GNCV.<br \/>\n<strong><a href=\"http:\/\/www.ict.com.co\/ict\/wp-content\/uploads\/2015\/06\/logopng.jpg\"><img loading=\"lazy\" decoding=\"async\" class=\"alignnone size-full wp-image-122\" src=\"http:\/\/www.ict.com.co\/ict\/wp-content\/uploads\/2015\/06\/logopng.jpg\" alt=\"logopng\" width=\"27\" height=\"19\" \/><\/a>\u00a0<\/strong>Veh\u00edculos convertidos a GNCV.<\/p>\n<p>Con t\u00e9cnicas similares a las que se aplican en las auditorias de tercera parte (certificaci\u00f3n) y con auditores de amplia trayectoria profesional y reconocimiento,<strong><em>IC&amp;T <\/em><\/strong><strong><em>\u00a0<\/em><\/strong>ofrece a sus clientes diversos tipos de servicios de auditor\u00eda aplicadas a los sectores p\u00fablico y privado:<\/p>\n<p><strong><em>&#8211; Auditores de gesti\u00f3n y resultados:<\/em><\/strong><\/p>\n<p><strong><a href=\"http:\/\/www.ict.com.co\/ict\/wp-content\/uploads\/2015\/06\/logopng.jpg\"><img loading=\"lazy\" decoding=\"async\" class=\"alignnone size-full wp-image-122\" src=\"http:\/\/www.ict.com.co\/ict\/wp-content\/uploads\/2015\/06\/logopng.jpg\" alt=\"logopng\" width=\"27\" height=\"19\" \/><\/a><\/strong> Auditor\u00eda organizacional.<br \/>\n<strong><a href=\"http:\/\/www.ict.com.co\/ict\/wp-content\/uploads\/2015\/06\/logopng.jpg\"><img loading=\"lazy\" decoding=\"async\" class=\"alignnone size-full wp-image-122\" src=\"http:\/\/www.ict.com.co\/ict\/wp-content\/uploads\/2015\/06\/logopng.jpg\" alt=\"logopng\" width=\"27\" height=\"19\" \/><\/a><\/strong> Auditor\u00eda al Sistema comercial.<br \/>\n<strong><a href=\"http:\/\/www.ict.com.co\/ict\/wp-content\/uploads\/2015\/06\/logopng.jpg\"><img loading=\"lazy\" decoding=\"async\" class=\"alignnone size-full wp-image-122\" src=\"http:\/\/www.ict.com.co\/ict\/wp-content\/uploads\/2015\/06\/logopng.jpg\" alt=\"logopng\" width=\"27\" height=\"19\" \/><\/a><\/strong> Auditor\u00eda a proyectos.<br \/>\n<strong><a href=\"http:\/\/www.ict.com.co\/ict\/wp-content\/uploads\/2015\/06\/logopng.jpg\"><img loading=\"lazy\" decoding=\"async\" class=\"alignnone size-full wp-image-122\" src=\"http:\/\/www.ict.com.co\/ict\/wp-content\/uploads\/2015\/06\/logopng.jpg\" alt=\"logopng\" width=\"27\" height=\"19\" \/><\/a><\/strong> Auditor\u00eda a procesos.<br \/>\n<strong><a href=\"http:\/\/www.ict.com.co\/ict\/wp-content\/uploads\/2015\/06\/logopng.jpg\"><img loading=\"lazy\" decoding=\"async\" class=\"alignnone size-full wp-image-122\" src=\"http:\/\/www.ict.com.co\/ict\/wp-content\/uploads\/2015\/06\/logopng.jpg\" alt=\"logopng\" width=\"27\" height=\"19\" \/><\/a><\/strong> Auditor\u00eda a planes estrat\u00e9gicos corporativos.<br \/>\n<strong><a href=\"http:\/\/www.ict.com.co\/ict\/wp-content\/uploads\/2015\/06\/logopng.jpg\"><img loading=\"lazy\" decoding=\"async\" class=\"alignnone size-full wp-image-122\" src=\"http:\/\/www.ict.com.co\/ict\/wp-content\/uploads\/2015\/06\/logopng.jpg\" alt=\"logopng\" width=\"27\" height=\"19\" \/><\/a><\/strong> Auditor\u00eda al r\u00e9gimen tarifario.<\/p>\n<p><strong>&#8211; Auditor\u00eda a planes de calidad.<\/strong><strong><br \/>\n<strong>&#8211; Auditor\u00eda al sistema financiero.<\/strong><br \/>\n<strong>&#8211; Auditor\u00eda al sistema de control interno.<\/strong><br \/>\n<strong>&#8211; Auditor\u00eda de sistemas.<\/strong><br \/>\n<strong>&#8211; Auditor\u00eda al sistema de administraci\u00f3n de riesgos.<\/strong><\/strong><\/p>\n<p>[\/et_pb_text][\/et_pb_column][\/et_pb_row][\/et_pb_section]<\/p>\n","protected":false},"excerpt":{"rendered":"<p>[et_pb_section bb_built=\u00bb1&#8243; fullwidth=\u00bbon\u00bb specialty=\u00bboff\u00bb background_color=\u00bb#f7f7f7&#8243; inner_shadow=\u00bbon\u00bb parallax=\u00bboff\u00bb][et_pb_fullwidth_image _builder_version=\u00bb3.0.89&#8243; src=\u00bbhttps:\/\/www.ict.com.co\/ict\/wp-content\/uploads\/2021\/10\/EVALUACION.jpg\u00bb show_in_lightbox=\u00bboff\u00bb url_new_window=\u00bboff\u00bb use_overlay=\u00bboff\u00bb \/][\/et_pb_section][et_pb_section bb_built=\u00bb1&#8243; fullwidth=\u00bboff\u00bb specialty=\u00bboff\u00bb background_color=\u00bb#ffffff\u00bb inner_shadow=\u00bboff\u00bb parallax=\u00bboff\u00bb][et_pb_row][et_pb_column type=\u00bb1_2&#8243;][et_pb_image admin_label=\u00bbImage\u00bb src=\u00bbhttps:\/\/www.ict.com.co\/ict\/wp-content\/uploads\/2021\/09\/AUDIT2.jpg\u00bb show_in_lightbox=\u00bboff\u00bb url_new_window=\u00bboff\u00bb animation=\u00bboff\u00bb sticky=\u00bboff\u00bb show_bottom_space=\u00bbon\u00bb _builder_version=\u00bb3.0.89&#8243; use_overlay=\u00bboff\u00bb align=\u00bbcenter\u00bb always_center_on_mobile=\u00bbon\u00bb force_fullwidth=\u00bboff\u00bb border_radii=\u00bbon|25px|25px|25px|25px\u00bb box_shadow_style=\u00bbpreset2&#8243; animation_direction=\u00bboff\u00bb \/][et_pb_image admin_label=\u00bbImage\u00bb src=\u00bbhttp:\/\/www.ict.com.co\/ict\/wp-content\/uploads\/2015\/06\/gestion-financiera_01.jpg\u00bb show_in_lightbox=\u00bboff\u00bb url_new_window=\u00bboff\u00bb animation=\u00bboff\u00bb sticky=\u00bboff\u00bb show_bottom_space=\u00bbon\u00bb _builder_version=\u00bb3.0.89&#8243; use_overlay=\u00bboff\u00bb align=\u00bbcenter\u00bb always_center_on_mobile=\u00bbon\u00bb force_fullwidth=\u00bboff\u00bb border_radii=\u00bbon|25px|25px|25px|25px\u00bb box_shadow_style=\u00bbpreset2&#8243; animation_direction=\u00bboff\u00bb \/][\/et_pb_column][et_pb_column type=\u00bb1_2&#8243;][et_pb_text admin_label=\u00bbText\u00bb background_layout=\u00bblight\u00bb [&hellip;]<\/p>\n","protected":false},"author":1,"featured_media":0,"parent":0,"menu_order":0,"comment_status":"open","ping_status":"open","template":"","meta":{"_joinchat":[],"footnotes":""},"class_list":["post-44","page","type-page","status-publish","hentry"],"_links":{"self":[{"href":"https:\/\/www.ict.com.co\/ict\/wp-json\/wp\/v2\/pages\/44","targetHints":{"allow":["GET"]}}],"collection":[{"href":"https:\/\/www.ict.com.co\/ict\/wp-json\/wp\/v2\/pages"}],"about":[{"href":"https:\/\/www.ict.com.co\/ict\/wp-json\/wp\/v2\/types\/page"}],"author":[{"embeddable":true,"href":"https:\/\/www.ict.com.co\/ict\/wp-json\/wp\/v2\/users\/1"}],"replies":[{"embeddable":true,"href":"https:\/\/www.ict.com.co\/ict\/wp-json\/wp\/v2\/comments?post=44"}],"version-history":[{"count":17,"href":"https:\/\/www.ict.com.co\/ict\/wp-json\/wp\/v2\/pages\/44\/revisions"}],"predecessor-version":[{"id":1054,"href":"https:\/\/www.ict.com.co\/ict\/wp-json\/wp\/v2\/pages\/44\/revisions\/1054"}],"wp:attachment":[{"href":"https:\/\/www.ict.com.co\/ict\/wp-json\/wp\/v2\/media?parent=44"}],"curies":[{"name":"wp","href":"https:\/\/api.w.org\/{rel}","templated":true}]}}